{"id":864,"date":"2026-03-05T23:54:11","date_gmt":"2026-03-05T22:54:11","guid":{"rendered":"https:\/\/myswissfood.eu\/?page_id=864"},"modified":"2026-03-05T23:54:11","modified_gmt":"2026-03-05T22:54:11","slug":"transport-maritim","status":"publish","type":"page","link":"https:\/\/myswissfood.eu\/ro\/shipping\/","title":{"rendered":"Transport maritim"},"content":{"rendered":"<h2>Livrare de alimente elve\u021biene \u00een toat\u0103 Europa - rapid\u0103, fiabil\u0103 \u0219i scutit\u0103 de taxe<\/h2>\n<p>La <strong>myswissfood.eu<\/strong>, v\u0103 facilit\u0103m comanda online de m\u00e2ncare elve\u021bian\u0103 autentic\u0103 \u0219i primirea acesteia direct la u\u0219a dumneavoastr\u0103, oriunde \u00een Europa. Datorit\u0103 <strong>Depozit european<\/strong>, fiecare comand\u0103 este expediat\u0103 din UE - ceea ce \u00eenseamn\u0103 <strong>f\u0103r\u0103 taxe vamale, f\u0103r\u0103 taxe de import \u0219i f\u0103r\u0103 \u00eent\u00e2rzieri la frontier\u0103<\/strong> pentru clien\u021bii no\u0219tri din \u00eentreaga Uniune European\u0103.<\/p>\n<p>Fie c\u0103 ave\u021bi poft\u0103 de ciocolat\u0103 elve\u021bian\u0103, br\u00e2nz\u0103 de calitate superioar\u0103, produse tartinabile tradi\u021bionale sau specialit\u0103\u021bi elve\u021biene clasice, v\u0103 livr\u0103m adev\u0103ratul gust al Elve\u021biei direct acas\u0103 - rapid, \u00een siguran\u021b\u0103 \u0219i la pre\u021buri transparente.<\/p>\n<h2>Depozitul nostru european: Livrare mai rapid\u0103, zero taxe vamale<\/h2>\n<p>Spre deosebire de multe magazine online de produse alimentare elve\u021biene care expediaz\u0103 direct din Elve\u021bia, myswissfood.eu opereaz\u0103 prin intermediul unui <strong>depozit cu sediul \u00een Europa<\/strong>. Acest lucru ne ofer\u0103 un avantaj cheie pentru to\u021bi clien\u021bii din UE:<\/p>\n<ul>\n<li><strong>F\u0103r\u0103 taxe vamale<\/strong> - toate comenzile sunt expediate \u00een cadrul pie\u021bei unice a UE<\/li>\n<li><strong>F\u0103r\u0103 surprize legate de TVA<\/strong> - pre\u021burile includ taxele aplicabile, f\u0103r\u0103 taxe nea\u0219teptate la livrare<\/li>\n<li><strong>Timp de tranzit mai scurt<\/strong> - Expedierea \u00een UE \u00eenseamn\u0103 distan\u021be de transport mai scurte pentru majoritatea \u021b\u0103rilor europene<\/li>\n<li><strong>Return\u0103ri simplificate<\/strong> - f\u0103r\u0103 documente transfrontaliere \u00een cazul \u00een care trebuie s\u0103 returna\u021bi vreodat\u0103 un articol<\/li>\n<\/ul>\n<p>Acesta este cel mai curat \u0219i mai convenabil mod de a cump\u0103ra produse elve\u021biene online din Europa \u00een prezent.<\/p>\n<h2>Destina\u021bii de livrare: Livr\u0103m \u00een toat\u0103 Europa<\/h2>\n<p>\u00cen prezent, livr\u0103m alimente elve\u021biene autentice \u00een toate \u021b\u0103rile europene importante, inclusiv:<\/p>\n<ul>\n<li>\ud83c\uddee\ud83c\uddf9 Italia<\/li>\n<li>\ud83c\udde9\ud83c\uddea Germania<\/li>\n<li>\ud83c\uddeb\ud83c\uddf7 Fran\u021ba<\/li>\n<li>\ud83c\udde7\ud83c\uddea Belgia<\/li>\n<li>\ud83c\uddf3\ud83c\uddf1 \u021a\u0103rile de Jos<\/li>\n<li>\ud83c\udde6\ud83c\uddf9 Austria<\/li>\n<li>\ud83c\uddea\ud83c\uddf8 Spania<\/li>\n<li>\ud83c\uddf5\ud83c\uddf9 Portugalia<\/li>\n<li>\ud83c\uddf8\ud83c\uddea Suedia<\/li>\n<li>\ud83c\udde9\ud83c\uddf0 Danemarca<\/li>\n<li>\ud83c\uddf5\ud83c\uddf1 Polonia<\/li>\n<li>\ud83c\udde8\ud83c\uddff Republica Ceh\u0103<\/li>\n<li>\ud83c\udded\ud83c\uddfa Ungaria<\/li>\n<li>\ud83c\uddf7\ud83c\uddf4 Rom\u00e2nia<\/li>\n<li>\ud83c\uddec\ud83c\uddf7 Grecia<\/li>\n<li>\u0218i multe alte \u021b\u0103ri din UE<\/li>\n<\/ul>\n<p>Dac\u0103 \u021bara dvs. nu este men\u021bionat\u0103 mai sus, <a href=\"\/ro\/contact\/\">contacta\u021bi-ne<\/a> \u0219i vom verifica op\u021biunile de transport disponibile pentru dvs.<\/p>\n<h2>Termene de livrare estimate<\/h2>\n<p>Dup\u0103 ce comanda dvs. este confirmat\u0103 \u0219i procesat\u0103, termenele de livrare estimate sunt urm\u0103toarele:<\/p>\n<ul>\n<li><strong>Italia:<\/strong> 2-4 zile lucr\u0103toare<\/li>\n<li><strong>Europa Central\u0103 (Germania, Austria, Fran\u021ba, Belgia, \u021a\u0103rile de Jos):<\/strong> 2-4 zile lucr\u0103toare<\/li>\n<li><strong>Europa de Nord (Suedia, Danemarca, Finlanda):<\/strong> 2-4 zile lucr\u0103toare<\/li>\n<li><strong>Europa de Sud \u0219i de Est (Spania, Portugalia, Polonia, Rom\u00e2nia, Grecia):<\/strong> 2-4 zile lucr\u0103toare<\/li>\n<\/ul>\n<p>Comenzile plasate \u00eenainte de <strong>12:00 amiaz\u0103 (CET)<\/strong> sunt de obicei expediate \u00een aceea\u0219i zi lucr\u0103toare. Ve\u021bi primi un e-mail de confirmare a expedierii cu <strong>num\u0103rul de urm\u0103rire<\/strong> imediat ce coletul dvs. p\u0103r\u0103se\u0219te depozitul nostru.<\/p>\n<h2>Partenerii no\u0219tri de expediere<\/h2>\n<p>Lucr\u0103m cu servicii de curierat europene de top pentru a ne asigura c\u0103 comanda dvs. de produse alimentare elve\u021biene ajunge la timp \u0219i \u00een siguran\u021b\u0103. Partenerii no\u0219tri logistici includ transportatori expres de \u00eencredere cu urm\u0103rire complet\u0103 a coletului, astfel \u00eenc\u00e2t s\u0103 \u0219ti\u021bi \u00eentotdeauna unde se afl\u0103 comanda dumneavoastr\u0103.<\/p>\n<p>Toate comenzile sunt ambalate cu grij\u0103 pentru a proteja calitatea alimentelor \u00een timpul transportului - inclusiv produsele sensibile la temperatur\u0103, precum ciocolata \u0219i br\u00e2nza elve\u021bian\u0103, care sunt ambalate cu materiale de protec\u021bie pentru a men\u021bine prospe\u021bimea.<\/p>\n<h2>Costuri de expediere<\/h2>\n<p>Costurile de expediere sunt calculate la finalizarea comenzii \u00een func\u021bie de \u021bara de livrare \u0219i de greutatea comenzii. Noi oferim <strong>transport gratuit<\/strong> la comenzile care dep\u0103\u0219esc un prag minim pentru \u021b\u0103rile selectate - verifica\u021bi co\u0219ul pentru promo\u021bia curent\u0103.<\/p>\n<p>Credem c\u0103 achizi\u021bionarea online de m\u00e2ncare elve\u021bian\u0103 autentic\u0103 ar trebui s\u0103 fie accesibil\u0103 \u0219i lipsit\u0103 de complica\u021bii, motiv pentru care ne str\u0103duim s\u0103 men\u021binem costurile de livrare c\u00e2t mai competitive posibil \u00een toat\u0103 Europa.<\/p>\n<h2>Urm\u0103rirea comenzilor<\/h2>\n<p>Fiecare comand\u0103 expediat\u0103 de la myswissfood.eu include un <strong>cod de urm\u0103rire<\/strong> trimis la adresa dvs. de e-mail. Pute\u021bi utiliza acest cod pentru a urm\u0103ri c\u0103l\u0103toria coletului dvs. \u00een timp real prin intermediul site-ului web al curierului.<\/p>\n<p>Dac\u0103 ave\u021bi \u00eentreb\u0103ri cu privire la livrarea dvs., echipa noastr\u0103 de asisten\u021b\u0103 pentru clien\u021bi este disponibil\u0103 pentru a v\u0103 ajuta - trebuie doar s\u0103 vizita\u021bi site-ul nostru <a href=\"\/ro\/contact\/\">Pagina de contact<\/a>.<\/p>\n<h2>\u00centreb\u0103ri frecvente despre expediere<\/h2>\n<h3>Pl\u0103tesc taxe vamale atunci c\u00e2nd comand de pe myswissfood.eu?<\/h3>\n<p><strong>Nu.<\/strong> Deoarece livr\u0103m din depozitul nostru european, toate comenzile r\u0103m\u00e2n \u00een zona vamal\u0103 a UE. Pentru clien\u021bii din statele membre ale UE nu exist\u0103 taxe de import, taxe de v\u0103muire \u0219i taxe suplimentare la livrare.<\/p>\n<h3>C\u00e2t dureaz\u0103 livrarea de alimente elve\u021biene \u00een Italia?<\/h3>\n<p>Livrarea c\u0103tre Italia dureaz\u0103 de obicei <strong>2 p\u00e2n\u0103 la 4 zile lucr\u0103toare<\/strong> din momentul expedierii. Comenzile plasate \u00eenainte de pr\u00e2nz sunt de obicei expediate \u00een aceea\u0219i zi.<\/p>\n<h3>Pot s\u0103-mi urm\u0103resc comanda?<\/h3>\n<p>Da. Ve\u021bi primi un num\u0103r de urm\u0103rire prin e-mail imediat ce comanda dvs. este expediat\u0103. \u00cel pute\u021bi utiliza pentru a monitoriza livrarea \u00een timp real.<\/p>\n<h3>Ce se \u00eent\u00e2mpl\u0103 dac\u0103 pachetul meu este deteriorat sau pierdut?<\/h3>\n<p>\u00cen cazul rar de deteriorare sau pierdere \u00een timpul transportului, v\u0103 rug\u0103m s\u0103 ne contacta\u021bi imediat la <a href=\"\/ro\/contact\/\">pagina noastr\u0103 de contact<\/a>. Vom organiza o \u00eenlocuire sau o rambursare complet\u0103 c\u00e2t mai cur\u00e2nd posibil.<\/p>\n<h3>Expedia\u021bi ciocolat\u0103 elve\u021bian\u0103 \u0219i produse perisabile \u00een siguran\u021b\u0103?<\/h3>\n<p>Da. Folosim ambalaje de protec\u021bie pentru toate articolele sensibile la temperatur\u0103, inclusiv ciocolata elve\u021bian\u0103 \u0219i produsele lactate. \u00cen timpul lunilor calde, se acord\u0103 o aten\u021bie sporit\u0103 pentru a ne asigura c\u0103 produsele ajung \u00een stare perfect\u0103.<\/p>\n<p style=\"margin-top: 30px;\"><strong>Sunte\u021bi gata s\u0103 comanda\u021bi?<\/strong> R\u0103sfoi\u021bi selec\u021bia noastr\u0103 complet\u0103 de <a href=\"\/ro\/magazin\/\">produse elve\u021biene autentice<\/a> \u0219i experimenta\u021bi cele mai bune produse din Elve\u021bia livrate la u\u0219a dumneavoastr\u0103 - oriunde \u00een Europa, rapid \u0219i f\u0103r\u0103 taxe vamale.<\/p>","protected":false},"excerpt":{"rendered":"<p>Swiss Food Delivery Across Europe \u2014 Fast, Reliable &amp; Duty-Free At myswissfood.eu, we make it easy to order authentic Swiss food online and receive it directly at your door, anywhere [&hellip;]<\/p>\n","protected":false},"author":1,"featured_media":0,"parent":0,"menu_order":0,"comment_status":"closed","ping_status":"closed","template":"","meta":{"footnotes":""},"class_list":["post-864","page","type-page","status-publish","hentry"],"_links":{"self":[{"href":"https:\/\/myswissfood.eu\/ro\/wp-json\/wp\/v2\/pages\/864","targetHints":{"allow":["GET"]}}],"collection":[{"href":"https:\/\/myswissfood.eu\/ro\/wp-json\/wp\/v2\/pages"}],"about":[{"href":"https:\/\/myswissfood.eu\/ro\/wp-json\/wp\/v2\/types\/page"}],"author":[{"embeddable":true,"href":"https:\/\/myswissfood.eu\/ro\/wp-json\/wp\/v2\/users\/1"}],"replies":[{"embeddable":true,"href":"https:\/\/myswissfood.eu\/ro\/wp-json\/wp\/v2\/comments?post=864"}],"version-history":[{"count":0,"href":"https:\/\/myswissfood.eu\/ro\/wp-json\/wp\/v2\/pages\/864\/revisions"}],"wp:attachment":[{"href":"https:\/\/myswissfood.eu\/ro\/wp-json\/wp\/v2\/media?parent=864"}],"curies":[{"name":"wp","href":"https:\/\/api.w.org\/{rel}","templated":true}]}}