{"id":864,"date":"2026-03-05T23:54:11","date_gmt":"2026-03-05T22:54:11","guid":{"rendered":"https:\/\/myswissfood.eu\/?page_id=864"},"modified":"2026-03-05T23:54:11","modified_gmt":"2026-03-05T22:54:11","slug":"preprava","status":"publish","type":"page","link":"https:\/\/myswissfood.eu\/cs\/shipping\/","title":{"rendered":"P\u0159eprava"},"content":{"rendered":"<h2>\u0160v\u00fdcarsk\u00e9 dod\u00e1vky potravin po cel\u00e9 Evrop\u011b - rychl\u00e9, spolehliv\u00e9 a bez cla<\/h2>\n<p>Na adrese <strong>myswissfood.eu<\/strong>, umo\u017e\u0148ujeme snadno objednat prav\u00e9 \u0161v\u00fdcarsk\u00e9 potraviny online a obdr\u017eet je p\u0159\u00edmo u va\u0161ich dve\u0159\u00ed kdekoli v Evrop\u011b. D\u00edky na\u0161\u00ed <strong>Evropsk\u00fd sklad<\/strong>, ka\u017ed\u00e1 objedn\u00e1vka je odes\u00edl\u00e1na z EU - co\u017e znamen\u00e1. <strong>\u017e\u00e1dn\u00e9 celn\u00ed poplatky, \u017e\u00e1dn\u00e1 dovozn\u00ed cla a \u017e\u00e1dn\u00e9 zdr\u017een\u00ed na hranic\u00edch.<\/strong> pro na\u0161e z\u00e1kazn\u00edky v cel\u00e9 Evropsk\u00e9 unii.<\/p>\n<p>A\u0165 u\u017e tou\u017e\u00edte po \u0161v\u00fdcarsk\u00e9 \u010dokol\u00e1d\u011b, prvot\u0159\u00eddn\u00edm s\u00fdru, tradi\u010dn\u00edch pomaz\u00e1nk\u00e1ch nebo klasick\u00fdch \u0161v\u00fdcarsk\u00fdch specialit\u00e1ch, doru\u010d\u00edme v\u00e1m pravou chu\u0165 \u0160v\u00fdcarska p\u0159\u00edmo dom\u016f - rychle, bezpe\u010dn\u011b a za transparentn\u00ed ceny.<\/p>\n<h2>N\u00e1\u0161 evropsk\u00fd sklad: Rychlej\u0161\u00ed dod\u00e1n\u00ed, nulov\u00e9 clo<\/h2>\n<p>Na rozd\u00edl od mnoha \u0161v\u00fdcarsk\u00fdch internetov\u00fdch obchod\u016f s potravinami, kter\u00e9 zas\u00edlaj\u00ed zbo\u017e\u00ed p\u0159\u00edmo ze \u0160v\u00fdcarska, myswissfood.eu funguje prost\u0159ednictv\u00edm specializovan\u00e9 pobo\u010dky. <strong>sklad se s\u00eddlem v Evrop\u011b<\/strong>. To n\u00e1m d\u00e1v\u00e1 kl\u00ed\u010dovou v\u00fdhodu pro v\u0161echny z\u00e1kazn\u00edky z EU:<\/p>\n<ul>\n<li><strong>\u017d\u00e1dn\u00e1 cla<\/strong> - v\u0161echny objedn\u00e1vky jsou zas\u00edl\u00e1ny v r\u00e1mci jednotn\u00e9ho trhu EU.<\/li>\n<li><strong>\u017d\u00e1dn\u00e1 p\u0159ekvapen\u00ed v oblasti DPH<\/strong> - ceny jsou uvedeny v\u010detn\u011b p\u0159\u00edslu\u0161n\u00fdch dan\u00ed, bez neo\u010dek\u00e1van\u00fdch poplatk\u016f p\u0159i dod\u00e1n\u00ed.<\/li>\n<li><strong>Rychlej\u0161\u00ed doba p\u0159epravy<\/strong> - Odes\u00edl\u00e1n\u00ed z EU znamen\u00e1 krat\u0161\u00ed p\u0159epravn\u00ed vzd\u00e1lenosti pro v\u011bt\u0161inu evropsk\u00fdch zem\u00ed.<\/li>\n<li><strong>Zjednodu\u0161en\u00e9 v\u00fdnosy<\/strong> - \u017e\u00e1dn\u00e9 p\u0159eshrani\u010dn\u00ed pap\u00edrov\u00e1n\u00ed, pokud budete pot\u0159ebovat vr\u00e1tit zbo\u017e\u00ed.<\/li>\n<\/ul>\n<p>Jedn\u00e1 se o nej\u010dist\u0161\u00ed a nejpohodln\u011bj\u0161\u00ed zp\u016fsob n\u00e1kupu \u0161v\u00fdcarsk\u00fdch v\u00fdrobk\u016f online v Evrop\u011b.<\/p>\n<h2>Destinace p\u0159epravy: Dod\u00e1v\u00e1me po cel\u00e9 Evrop\u011b<\/h2>\n<p>V sou\u010dasn\u00e9 dob\u011b zas\u00edl\u00e1me autentick\u00e9 \u0161v\u00fdcarsk\u00e9 potraviny do v\u0161ech hlavn\u00edch evropsk\u00fdch zem\u00ed, v\u010detn\u011b:<\/p>\n<ul>\n<li>\ud83c\uddee\ud83c\uddf9 It\u00e1lie<\/li>\n<li>\ud83c\udde9\ud83c\uddea N\u011bmecko<\/li>\n<li>\ud83c\uddeb\ud83c\uddf7 Francie<\/li>\n<li>\ud83c\udde7\ud83c\uddea Belgie<\/li>\n<li>\ud83c\uddf3\ud83c\uddf1 Nizozemsko<\/li>\n<li>\ud83c\udde6\ud83c\uddf9 Rakousko<\/li>\n<li>\ud83c\uddea\ud83c\uddf8 \u0160pan\u011blsko<\/li>\n<li>\ud83c\uddf5\ud83c\uddf9 Portugalsko<\/li>\n<li>\ud83c\uddf8\ud83c\uddea \u0160v\u00e9dsko<\/li>\n<li>\ud83c\udde9\ud83c\uddf0 D\u00e1nsko<\/li>\n<li>\ud83c\uddf5\ud83c\uddf1 Polsko<\/li>\n<li>\ud83c\udde8\ud83c\uddff \u010cesk\u00e1 republika<\/li>\n<li>\ud83c\udded\ud83c\uddfa Ma\u010farsko<\/li>\n<li>\ud83c\uddf7\ud83c\uddf4 Rumunsko<\/li>\n<li>\ud83c\uddec\ud83c\uddf7 \u0158ecko<\/li>\n<li>A mnoho dal\u0161\u00edch zem\u00ed EU<\/li>\n<\/ul>\n<p>Pokud va\u0161e zem\u011b nen\u00ed uvedena v\u00fd\u0161e, <a href=\"\/cs\/contact\/\">kontaktujte n\u00e1s<\/a> a my pro v\u00e1s zkontrolujeme dostupn\u00e9 mo\u017enosti p\u0159epravy.<\/p>\n<h2>P\u0159edpokl\u00e1dan\u00e1 doba dod\u00e1n\u00ed<\/h2>\n<p>Po potvrzen\u00ed a zpracov\u00e1n\u00ed objedn\u00e1vky jsou odhadovan\u00e9 dodac\u00ed lh\u016fty n\u00e1sleduj\u00edc\u00ed:<\/p>\n<ul>\n<li><strong>It\u00e1lie:<\/strong> 2-4 pracovn\u00ed dny<\/li>\n<li><strong>St\u0159edn\u00ed Evropa (N\u011bmecko, Rakousko, Francie, Belgie, Nizozemsko):<\/strong> 2-4 pracovn\u00ed dny<\/li>\n<li><strong>Severn\u00ed Evropa (\u0160v\u00e9dsko, D\u00e1nsko, Finsko):<\/strong> 2-4 pracovn\u00ed dny<\/li>\n<li><strong>Ji\u017en\u00ed a v\u00fdchodn\u00ed Evropa (\u0160pan\u011blsko, Portugalsko, Polsko, Rumunsko, \u0158ecko):<\/strong> 2-4 pracovn\u00ed dny<\/li>\n<\/ul>\n<p>Objedn\u00e1vky podan\u00e9 p\u0159ed <strong>12:00 hodin (SE\u010c)<\/strong> jsou obvykle odes\u00edl\u00e1ny je\u0161t\u011b t\u00fd\u017e pracovn\u00ed den. Obdr\u017e\u00edte e-mail s potvrzen\u00edm o odesl\u00e1n\u00ed. <strong>sledovac\u00ed \u010d\u00edslo<\/strong> jakmile va\u0161e z\u00e1silka opust\u00ed n\u00e1\u0161 sklad.<\/p>\n<h2>Na\u0161i p\u0159epravn\u00ed partne\u0159i<\/h2>\n<p>Spolupracujeme s p\u0159edn\u00edmi evropsk\u00fdmi kur\u00fdrn\u00edmi slu\u017ebami, abychom zajistili, \u017ee va\u0161e \u0161v\u00fdcarsk\u00e1 objedn\u00e1vka potravin doraz\u00ed bezpe\u010dn\u011b a v\u010das. Mezi na\u0161e logistick\u00e9 partnery pat\u0159\u00ed spolehliv\u00ed expresn\u00ed dopravci s kompletn\u00edm sledov\u00e1n\u00edm z\u00e1silek, tak\u017ee v\u017edy v\u00edte, kde se va\u0161e objedn\u00e1vka nach\u00e1z\u00ed.<\/p>\n<p>V\u0161echny objedn\u00e1vky jsou pe\u010dliv\u011b zabaleny, aby byla chr\u00e1n\u011bna kvalita potravin b\u011bhem p\u0159epravy - v\u010detn\u011b v\u00fdrobk\u016f citliv\u00fdch na teplotu, jako je \u0161v\u00fdcarsk\u00e1 \u010dokol\u00e1da a s\u00fdr, kter\u00e9 jsou baleny do ochrann\u00fdch materi\u00e1l\u016f, aby si zachovaly \u010derstvost.<\/p>\n<h2>N\u00e1klady na dopravu<\/h2>\n<p>N\u00e1klady na dopravu se vypo\u010d\u00edt\u00e1vaj\u00ed p\u0159i objedn\u00e1vce na z\u00e1klad\u011b zem\u011b doru\u010den\u00ed a hmotnosti objedn\u00e1vky. Nab\u00edz\u00edme <strong>doprava zdarma<\/strong> na objedn\u00e1vky nad minim\u00e1ln\u00ed hranici pro vybran\u00e9 zem\u011b - zkontrolujte si v ko\u0161\u00edku aktu\u00e1ln\u00ed akci.<\/p>\n<p>V\u011b\u0159\u00edme, \u017ee n\u00e1kup prav\u00fdch \u0161v\u00fdcarsk\u00fdch potravin online by m\u011bl b\u00fdt cenov\u011b dostupn\u00fd a bezprobl\u00e9mov\u00fd, a proto se sna\u017e\u00edme udr\u017eet na\u0161e n\u00e1klady na doru\u010den\u00ed v cel\u00e9 Evrop\u011b co nejkonkurenceschopn\u011bj\u0161\u00ed.<\/p>\n<h2>Sledov\u00e1n\u00ed objedn\u00e1vek<\/h2>\n<p>Ka\u017ed\u00e1 objedn\u00e1vka odeslan\u00e1 z myswissfood.eu obsahuje <strong>sledovac\u00ed k\u00f3d<\/strong> zasl\u00e1ny na va\u0161i e-mailovou adresu. Pomoc\u00ed tohoto k\u00f3du m\u016f\u017eete sledovat cestu sv\u00e9 z\u00e1silky v re\u00e1ln\u00e9m \u010dase prost\u0159ednictv\u00edm webov\u00fdch str\u00e1nek kur\u00fdra.<\/p>\n<p>Pokud m\u00e1te jak\u00e9koli dotazy t\u00fdkaj\u00edc\u00ed se va\u0161\u00ed dod\u00e1vky, n\u00e1\u0161 t\u00fdm z\u00e1kaznick\u00e9 podpory je v\u00e1m k dispozici - sta\u010d\u00ed nav\u0161t\u00edvit na\u0161i str\u00e1nku <a href=\"\/cs\/contact\/\">Kontaktn\u00ed str\u00e1nka<\/a>.<\/p>\n<h2>\u010casto kladen\u00e9 ot\u00e1zky o p\u0159eprav\u011b<\/h2>\n<h3>Plat\u00edm p\u0159i objedn\u00e1vce z myswissfood.eu clo?<\/h3>\n<p><strong>Ne.<\/strong> Vzhledem k tomu, \u017ee zbo\u017e\u00ed odes\u00edl\u00e1me z na\u0161eho evropsk\u00e9ho skladu, z\u016fst\u00e1vaj\u00ed v\u0161echny objedn\u00e1vky v celn\u00edm prostoru EU. Z\u00e1kazn\u00edci z \u010dlensk\u00fdch st\u00e1t\u016f EU neplat\u00ed \u017e\u00e1dn\u00e1 dovozn\u00ed cla, \u017e\u00e1dn\u00e9 poplatky za celn\u00ed odbaven\u00ed ani \u017e\u00e1dn\u00e9 dal\u0161\u00ed poplatky p\u0159i dod\u00e1n\u00ed.<\/p>\n<h3>Jak dlouho trv\u00e1 doru\u010den\u00ed \u0161v\u00fdcarsk\u00fdch potravin do It\u00e1lie?<\/h3>\n<p>Dod\u00e1n\u00ed do It\u00e1lie obvykle trv\u00e1 <strong>2 a\u017e 4 pracovn\u00ed dny<\/strong> od okam\u017eiku odesl\u00e1n\u00ed. Objedn\u00e1vky podan\u00e9 do poledne jsou obvykle odesl\u00e1ny je\u0161t\u011b t\u00fd\u017e den.<\/p>\n<h3>Mohu sledovat svou objedn\u00e1vku?<\/h3>\n<p>Ano, jakmile bude va\u0161e objedn\u00e1vka odesl\u00e1na, obdr\u017e\u00edte e-mailem sledovac\u00ed \u010d\u00edslo. Pomoc\u00ed n\u011bj m\u016f\u017eete sledovat doru\u010den\u00ed v re\u00e1ln\u00e9m \u010dase.<\/p>\n<h3>Co se stane, kdy\u017e se m\u016fj bal\u00ed\u010dek po\u0161kod\u00ed nebo ztrat\u00ed?<\/h3>\n<p>Ve vz\u00e1cn\u00fdch p\u0159\u00edpadech po\u0161kozen\u00ed nebo ztr\u00e1ty b\u011bhem p\u0159epravy n\u00e1s neprodlen\u011b kontaktujte na adrese <a href=\"\/cs\/contact\/\">na\u0161e kontaktn\u00ed str\u00e1nka<\/a>. Co nejrychleji zajist\u00edme v\u00fdm\u011bnu nebo vr\u00e1cen\u00ed pen\u011bz v pln\u00e9 v\u00fd\u0161i.<\/p>\n<h3>P\u0159epravujete \u0161v\u00fdcarskou \u010dokol\u00e1du a v\u00fdrobky podl\u00e9haj\u00edc\u00ed rychl\u00e9 zk\u00e1ze bezpe\u010dn\u011b?<\/h3>\n<p>Ano. Pro v\u0161echny v\u00fdrobky citliv\u00e9 na teplotu, v\u010detn\u011b \u0161v\u00fdcarsk\u00e9 \u010dokol\u00e1dy a ml\u00e9\u010dn\u00fdch v\u00fdrobk\u016f, pou\u017e\u00edv\u00e1me ochrann\u00e9 obaly. V teplej\u0161\u00edch m\u011bs\u00edc\u00edch v\u011bnujeme zv\u00fd\u0161enou p\u00e9\u010di tomu, aby v\u00fdrobky dorazily v perfektn\u00edm stavu.<\/p>\n<p style=\"margin-top: 30px;\"><strong>Jste p\u0159ipraveni objednat?<\/strong> Prohl\u00e9dn\u011bte si n\u00e1\u0161 kompletn\u00ed v\u00fdb\u011br <a href=\"\/cs\/obchod\/\">autentick\u00e9 \u0161v\u00fdcarsk\u00e9 v\u00fdrobky<\/a> a vychutnejte si to nejlep\u0161\u00ed ze \u0160v\u00fdcarska, kter\u00e9 v\u00e1m doru\u010d\u00edme a\u017e ke dve\u0159\u00edm - kdekoli v Evrop\u011b, rychle a bez cla.<\/p>","protected":false},"excerpt":{"rendered":"<p>Swiss Food Delivery Across Europe \u2014 Fast, Reliable &amp; Duty-Free At myswissfood.eu, we make it easy to order authentic Swiss food online and receive it directly at your door, anywhere [&hellip;]<\/p>\n","protected":false},"author":1,"featured_media":0,"parent":0,"menu_order":0,"comment_status":"closed","ping_status":"closed","template":"","meta":{"footnotes":""},"class_list":["post-864","page","type-page","status-publish","hentry"],"_links":{"self":[{"href":"https:\/\/myswissfood.eu\/cs\/wp-json\/wp\/v2\/pages\/864","targetHints":{"allow":["GET"]}}],"collection":[{"href":"https:\/\/myswissfood.eu\/cs\/wp-json\/wp\/v2\/pages"}],"about":[{"href":"https:\/\/myswissfood.eu\/cs\/wp-json\/wp\/v2\/types\/page"}],"author":[{"embeddable":true,"href":"https:\/\/myswissfood.eu\/cs\/wp-json\/wp\/v2\/users\/1"}],"replies":[{"embeddable":true,"href":"https:\/\/myswissfood.eu\/cs\/wp-json\/wp\/v2\/comments?post=864"}],"version-history":[{"count":0,"href":"https:\/\/myswissfood.eu\/cs\/wp-json\/wp\/v2\/pages\/864\/revisions"}],"wp:attachment":[{"href":"https:\/\/myswissfood.eu\/cs\/wp-json\/wp\/v2\/media?parent=864"}],"curies":[{"name":"wp","href":"https:\/\/api.w.org\/{rel}","templated":true}]}}